{"id":765,"date":"2025-12-09T17:37:09","date_gmt":"2025-12-09T15:37:09","guid":{"rendered":"https:\/\/hotel-schoeneiche.de\/?page_id=765"},"modified":"2025-12-11T13:57:06","modified_gmt":"2025-12-11T11:57:06","slug":"kontakt","status":"publish","type":"page","link":"https:\/\/hotel-schoeneiche.de\/en\/kontakt\/","title":{"rendered":"Contact"},"content":{"rendered":"<div data-elementor-type=\"wp-page\" data-elementor-id=\"765\" class=\"elementor elementor-765\">\n\t\t\t\t<div class=\"elementor-element elementor-element-577e3d7d e-con-full e-flex e-con e-parent\" data-id=\"577e3d7d\" data-element_type=\"container\" data-e-type=\"container\">\n\t\t\t\t<div class=\"elementor-element elementor-element-7cadb5c1 elementor-widget elementor-widget-text-editor\" data-id=\"7cadb5c1\" data-element_type=\"widget\" data-e-type=\"widget\" data-widget_type=\"text-editor.default\">\n\t\t\t\t\t\t\t\t\t<figure class=\"wp-block-image size-large is-resized\"><\/figure><p><!-- \/wp:image --><\/p>\t\t\t\t\t\t\t\t<\/div>\n\t\t\t\t<\/div>\n\t\t<div class=\"elementor-element elementor-element-67b6e38e e-flex e-con-boxed e-con e-parent\" data-id=\"67b6e38e\" data-element_type=\"container\" data-e-type=\"container\">\n\t\t\t\t\t<div class=\"e-con-inner\">\n\t\t\t\t<div class=\"elementor-element elementor-element-6baf436e elementor-widget__width-initial elementor-widget elementor-widget-html\" data-id=\"6baf436e\" data-element_type=\"widget\" data-e-type=\"widget\" data-widget_type=\"html.default\">\n\t\t\t\t\t<hr class=\"trennlinie_links\">\t\t\t\t<\/div>\n\t\t\t\t\t<\/div>\n\t\t\t\t<\/div>\n\t\t<div class=\"elementor-element elementor-element-2c2e213d e-flex e-con-boxed e-con e-parent\" data-id=\"2c2e213d\" data-element_type=\"container\" data-e-type=\"container\">\n\t\t\t\t\t<div class=\"e-con-inner\">\n\t\t\t\t<div class=\"elementor-element elementor-element-1b7172c3 elementor-widget elementor-widget-heading\" data-id=\"1b7172c3\" data-element_type=\"widget\" data-e-type=\"widget\" data-widget_type=\"heading.default\">\n\t\t\t\t\t<h2 class=\"elementor-heading-title elementor-size-default\">How Can We Assist You?<\/h2>\t\t\t\t<\/div>\n\t\t\t\t\t<\/div>\n\t\t\t\t<\/div>\n\t\t<div class=\"elementor-element elementor-element-5ed715dd e-flex e-con-boxed e-con e-parent\" data-id=\"5ed715dd\" data-element_type=\"container\" data-e-type=\"container\">\n\t\t\t\t\t<div class=\"e-con-inner\">\n\t\t<div class=\"elementor-element elementor-element-2c9e0f40 e-con-full e-flex e-con e-child\" data-id=\"2c9e0f40\" data-element_type=\"container\" data-e-type=\"container\">\n\t\t\t\t<div class=\"elementor-element elementor-element-c406625 elementor-widget elementor-widget-text-editor\" data-id=\"c406625\" data-element_type=\"widget\" data-e-type=\"widget\" data-widget_type=\"text-editor.default\">\n\t\t\t\t\t\t\t\t\t<p>At Waldhotel Sch\u00f6neiche, our modern self-service concept is designed to give you maximum flexibility throughout your stay. If you still have questions or need assistance, we\u2019re always happy to help.<\/p>\n<p>Phone: <br>Email: <a href=\"mailto:info@waldhotel-schoeneiche.de\">info@waldhotel-schoeneiche.de<\/a><\/p>\n<p>Address: <br>Waldhotel Sch\u00f6neiche <br>Brandenburgische Str. 122 <br>10713 Berlin<\/p>\n<p><strong>Check-In:<\/strong> from 4:00 pm (self check-in) <br><strong>Check-Out:<\/strong> until 10:00 am<\/p>\n<p>If you want to load the interactive map from <strong><span style=\"text-decoration: underline;\"><a href=\"\/en\/kontaktmap\/\">Google Maps<\/a><\/span><\/strong> ,  you agree to Google's <strong><span style=\"text-decoration: underline;\"><a href=\"https:\/\/policies.google.com\/privacy?hl=de\">privacy policy<\/a><\/span><\/strong> .<\/p>\n<p><\/p>\t\t\t\t\t\t\t\t<\/div>\n\t\t\t\t<\/div>\n\t\t<div class=\"elementor-element elementor-element-4c9fd6b2 e-con-full e-flex e-con e-child\" data-id=\"4c9fd6b2\" data-element_type=\"container\" data-e-type=\"container\" data-settings=\"{&quot;background_background&quot;:&quot;classic&quot;}\">\n\t\t\t\t<div class=\"elementor-element elementor-element-1428800 elementor-widget elementor-widget-image-gallery\" data-id=\"1428800\" data-element_type=\"widget\" data-e-type=\"widget\" data-widget_type=\"image-gallery.default\">\n\t\t\t\t\t\t\t<div class=\"elementor-image-gallery\">\n\t\t\t<div id='gallery-1' class='gallery galleryid-765 gallery-columns-1 gallery-size-full'><figure class='gallery-item'>\n\t\t\t<div class='gallery-icon landscape'>\n\t\t\t\t<a data-elementor-open-lightbox=\"yes\" data-elementor-lightbox-slideshow=\"1428800\" data-elementor-lightbox-title=\"Map\" data-e-action-hash=\"#elementor-action%3Aaction%3Dlightbox%26settings%3DeyJpZCI6MTAyOSwidXJsIjoiaHR0cHM6XC9cL2hvdGVsLXNjaG9lbmVpY2hlLmRlXC93cC1jb250ZW50XC91cGxvYWRzXC9NYXAuanBnIiwic2xpZGVzaG93IjoiMTQyODgwMCJ9\" href='https:\/\/hotel-schoeneiche.de\/wp-content\/uploads\/Map.jpg'><img fetchpriority=\"high\" decoding=\"async\" width=\"1728\" height=\"1117\" src=\"https:\/\/hotel-schoeneiche.de\/wp-content\/uploads\/Map.jpg\" class=\"attachment-full size-full\" alt=\"\" srcset=\"https:\/\/hotel-schoeneiche.de\/wp-content\/uploads\/Map.jpg 1728w, https:\/\/hotel-schoeneiche.de\/wp-content\/uploads\/Map-300x194.jpg 300w, https:\/\/hotel-schoeneiche.de\/wp-content\/uploads\/Map-1024x662.jpg 1024w, https:\/\/hotel-schoeneiche.de\/wp-content\/uploads\/Map-768x496.jpg 768w, https:\/\/hotel-schoeneiche.de\/wp-content\/uploads\/Map-1536x993.jpg 1536w, https:\/\/hotel-schoeneiche.de\/wp-content\/uploads\/Map-18x12.jpg 18w\" sizes=\"(max-width: 1728px) 100vw, 1728px\" \/><\/a>\n\t\t\t<\/div><\/figure>\n\t\t<\/div>\n\t\t<\/div>\n\t\t\t\t\t\t<\/div>\n\t\t\t\t<\/div>\n\t\t\t\t\t<\/div>\n\t\t\t\t<\/div>\n\t\t<div class=\"elementor-element elementor-element-79f5d36 e-flex e-con-boxed e-con e-parent\" data-id=\"79f5d36\" data-element_type=\"container\" data-e-type=\"container\">\n\t\t\t\t\t<div class=\"e-con-inner\">\n\t\t\t\t\t<\/div>\n\t\t\t\t<\/div>\n\t\t<div class=\"elementor-element elementor-element-40ca39e7 e-flex e-con-boxed e-con e-parent\" data-id=\"40ca39e7\" data-element_type=\"container\" data-e-type=\"container\" data-settings=\"{&quot;background_background&quot;:&quot;classic&quot;}\">\n\t\t\t\t\t<div class=\"e-con-inner\">\n\t\t\t\t<div class=\"elementor-element elementor-element-71716067 elementor-widget elementor-widget-html\" data-id=\"71716067\" data-element_type=\"widget\" data-e-type=\"widget\" data-widget_type=\"html.default\">\n\t\t\t\t\t<div class=\"footer_div\">\n    <div class=\"footer_inner_div\">\n        <div class=\"footer_text\"><a href=\"https:\/\/hotel-schoeneiche.de\/en\/\">\n            <img fetchpriority=\"high\" width=\"806\" height=\"239\" src=\"https:\/\/hotel-schoeneiche.de\/wp-content\/uploads\/Waldhotel_Logo_schwarz_RGB.svg\" class=\"footer-svg\" alt=\"Waldhotel Sch\u00f6neiche\" decoding=\"async\"><\/a>\n        <\/div>\n        <div class=\"footer_text\">\n            <ul class=\"nobullets\">\n              <li>Brandenburgische Str. 122<\/li>\n              <li>15566 Sch\u00f6neiche bei Berlin<\/li>\n              <li>Phone: +49 30 51565514<\/li>\n              <li><a href=\"mailto:info@hotel-schoeneiche.de?subject=Anfrage via Waldhotel Homepage\">info@hotel-schoeneiche.de<\/a><\/li>\n            <\/ul>\n        <\/div>\n    <\/div>\n\n    <div class=\"footer_inner_div\">\n        <div class=\"footer_text\">\n            <ul class=\"nobullets\">\n                <li><a href=\"\/en\/home\/\">Home<\/a><\/li>\n                <li><a href=\"\/en\/zimmer\/\">Rooms<\/a><\/li>\n                <li><a href=\"\/en\/kontakt\/\">Contact<\/a><\/li>\n            <\/ul>\n        <\/div>\n        <div class=\"footer_text\">\n            <ul class=\"nobullets\">\n              <li><a href=\"\/en\/impressum\/\">Legal Notice<\/a><\/li>\n              <li><a href=\"\/en\/datenschutz\/\">Privacy Policy<\/a><\/li>\n            <\/ul>\n        <\/div>\n    <\/div>\n<\/div>\t\t\t\t<\/div>\n\t\t\t\t\t<\/div>\n\t\t\t\t<\/div>\n\t\t\t\t<\/div>","protected":false},"excerpt":{"rendered":"<p>Wie K\u00f6nnen Wir Helfen? Im Waldhotel Sch\u00f6neiche setzen wir auf ein modernes Konzept der Selbstbedienung, um Ihnen maximale Flexibilit\u00e4t zu bieten. Sollten Sie dennoch Fragen haben oder Unterst\u00fctzung ben\u00f6tigen, stehen wir Ihnen gerne zur Verf\u00fcgung. Telefon: E-Mail: info@waldhotel-schoeneiche.de Adresse: Waldhotel Sch\u00f6neiche Brandenburgische Str. 122 10713 Berlin Check-In: ab 16:00 Uhr (Self-Check-in) Check-Out: bis 10:00 Uhr [&hellip;]<\/p>\n","protected":false},"author":1,"featured_media":0,"parent":0,"menu_order":0,"comment_status":"closed","ping_status":"closed","template":"","meta":{"_crdt_document":"","footnotes":""},"class_list":["post-765","page","type-page","status-publish","hentry"],"aioseo_notices":[],"_links":{"self":[{"href":"https:\/\/hotel-schoeneiche.de\/en\/wp-json\/wp\/v2\/pages\/765","targetHints":{"allow":["GET"]}}],"collection":[{"href":"https:\/\/hotel-schoeneiche.de\/en\/wp-json\/wp\/v2\/pages"}],"about":[{"href":"https:\/\/hotel-schoeneiche.de\/en\/wp-json\/wp\/v2\/types\/page"}],"author":[{"embeddable":true,"href":"https:\/\/hotel-schoeneiche.de\/en\/wp-json\/wp\/v2\/users\/1"}],"replies":[{"embeddable":true,"href":"https:\/\/hotel-schoeneiche.de\/en\/wp-json\/wp\/v2\/comments?post=765"}],"version-history":[{"count":70,"href":"https:\/\/hotel-schoeneiche.de\/en\/wp-json\/wp\/v2\/pages\/765\/revisions"}],"predecessor-version":[{"id":1112,"href":"https:\/\/hotel-schoeneiche.de\/en\/wp-json\/wp\/v2\/pages\/765\/revisions\/1112"}],"wp:attachment":[{"href":"https:\/\/hotel-schoeneiche.de\/en\/wp-json\/wp\/v2\/media?parent=765"}],"curies":[{"name":"wp","href":"https:\/\/api.w.org\/{rel}","templated":true}]}}